{"id":11,"date":"2013-07-11T22:43:10","date_gmt":"2013-07-11T22:43:10","guid":{"rendered":"http:\/\/jeanpierre.chupin.com\/?page_id=11"},"modified":"2019-11-02T18:25:51","modified_gmt":"2019-11-02T18:25:51","slug":"bio","status":"publish","type":"page","link":"https:\/\/carmela-cucuzzella.com\/?page_id=11","title":{"rendered":"bio"},"content":{"rendered":"<p><a href=\"http:\/\/carmela-cucuzzella.com\/wp-content\/uploads\/2013\/07\/CCportrait-web-cropped.jpg\"><img loading=\"lazy\" decoding=\"async\" class=\"wp-image-687 alignnone\" src=\"http:\/\/carmela-cucuzzella.com\/wp-content\/uploads\/2013\/07\/CCportrait-web-cropped-300x282.jpg\" alt=\"CCportrait-web-cropped\" width=\"198\" height=\"187\"><\/a><\/p>\n<p>Carmela Cucuzzella lives in Montreal, Canada, where she is an associate professor in Design and Computation Arts at Concordia University. She holds a university research chair in Integrated Design, Ecology, and Sustainability for the Built Environment.<\/p>\n<p>She is a researcher and critical theorist in the realm of visual culture of architecture and design. She believes that art starts in science and philosophy and must take advantage of research and writing. Her work is grounded on a profound understanding of visual analogies and is the result of a long running meditation on critical themes. In her art lab, she considers the human body as the ultimate encounter of nature and culture.<\/p>\n<p>Her academic work concerns visual analogies and she considers the human body to be the ultimate encounter of nature and culture. Carmela aims to better understand how designers and artists go beyond current injunctions of environmental norms to better support the critical creative exploration of the art and design process. She equally holds that research is best articulated around the needs of the community and develops collaborative design experiments for public spaces. Carmela\u2019s artwork offers new ways to conceptualize human\u2019s place through the recollection of mythological worlds. Carmela is an expert on the question of research-creation and the museological experience and she was guest editor in 2015 for the Mus\u00e9ologies Journal on this topic. Carmela\u2019s artwork has been exhibited most recently at Inframince in 2015, and at the Grey Nuns in Montreal in 2016.<\/p>\n<p>Carmela Cucuzzella, PhD., is an Associate Professor, Design and Computation Arts, Faculty of Fine Arts, Concordia University and Concordia University Research Chair in Integrated Design, Ecology, Art, and Sustainability for the Built Environment&nbsp;<\/p>\n<hr>\n<h2 class=\"r\"><strong>Collective Exhibitions<\/strong><\/h2>\n<p><strong>4<sup>th<\/sup> Space Exhibition Venue, Concordia University<\/strong><\/p>\n<p>Montreal, Quebec, Cucuzzella, Carmela, Mohammed Ouf, 2019, Cities Cluster Research Exhibition, Oct 24, 2019- Nov 26, 2019<\/p>\n<p><strong>Bio-sphere Exhibition Space. 5<sup>th<\/sup> Floor<\/strong><\/p>\n<p>Parc Jean-Drapeau, Montreal, June 5 &#8211; Oct 30, 2020, Civiliti + Cucuzzella, Carmela, 2019, MTL+, Sainte-H\u00e9l\u00e8ne<\/p>\n<p><strong>4<sup>th<\/sup> Space Exhibition Venue, Concordia University<\/strong><\/p>\n<p>Montreal, Quebec, Cucuzzella, Carmela, Andreas Athienitis, 2019, Cities Cluster Research Exhibition, January 2019<\/p>\n<p><strong>ArtBlend Gallery at Miami Spectrum, Miami, USA<\/strong><\/p>\n<p>Cucuzzella, Carmela, Unbind the Ipseity, December 2018<\/p>\n<p>+ chapter in The Art Book, Art Blend, 2019, pp 34-35<\/p>\n<p><strong>Inframince Pop-up Gallery, Old Montreal, 511 Place D\u2019Armes<\/strong><\/p>\n<p>Montreal, Canada, Cucuzzella, Carmela, Hammond, Cynthia, &amp; Chupin, Jean-Pierre, 2016, vernissage Dec 15, 2016<\/p>\n<p><strong>Grey Nun\u2019s Gardens, Montreal<\/strong><\/p>\n<p>within context of Association of Critical Heritage Studies Conference, Cucuzzella, Carmela (with performance by Hannah Materne), (2016), &#8220;Concealed Apertures: Ink Narratives&#8221;, \u2018Un paradis sans pommiers\u2019* Le jardin des Soeurs Grises, works curated by Cynthia Hammond &amp; Shauna Jenson, at UQAM &amp; Concordia University, https:\/\/vimeo.com\/182042247, June 3, 2016<\/p>\n<p><strong>Swiss Architecture Museum (SAM), Basel, Switzerland,<\/strong><\/p>\n<p>Cucuzzella, Carmela, Chupin, Jean-Pierre, \u201cA New Algorithm For Sustainably Creative Design\u201d, Just Architecture, performance, October 18-20, 2012<\/p>\n<p><strong>Hochschule Luzern, Lucerne, Switzerland<\/strong>,<\/p>\n<p>Cucuzzella, Carmela, \u201cAre \u2018Environmental Certifications\u201d Becoming The New Qualifier For \u2018Good\u2019 Architecture In Competitions?\u201d, short film presented at Just Architecture, August 26-27, 2012<\/p>\n<p><strong>SIDIM, Place Bonaventure, Montr\u00e9al<\/strong><\/p>\n<p>Qu\u00e9bec, Cucuzzella, Carmela, 2005, \u00ab&nbsp;FLAT-INSERT chair&nbsp;\u00bb, Salon International du design d\u2019int\u00e9rieur de Montr\u00e9al, 2005, May<\/p>\n<p><strong>Saint-\u00c9tienne Design Center, France<\/strong><\/p>\n<p>Cucuzzella, Carmela, 2004, \u00ab&nbsp;TSUMA chair&nbsp;\u00bb, Biennale Internationale Design 2004<\/p>\n<p><strong>SIDIM, Place Bonaventure, Montr\u00e9al<\/strong><\/p>\n<p>Cucuzzella, Carmela, 2003, \u00ab&nbsp;TSUMA chair&nbsp;\u00bb, Salon International du design d\u2019int\u00e9rieur de Montr\u00e9al, 2003, May<\/p>\n<hr>\n<h2><a name=\"_Toc21677609\"><\/a>Exhibition Organizations of Student Work<\/h2>\n<p><strong>Concordia University, Atrium, Montreal<\/strong><\/p>\n<p>Cucuzzella, Carmela and pk langshaw Civic Common Grand Jardins Public Space Projects, presentations of student art and design work from DART 632 and DART335, exhibited April 18, 2017<\/p>\n<p><strong>Detroit Future City, Detroit<\/strong><\/p>\n<p>Cucuzzella, Carmela, Nature Inspired Environments, student work from Concordia University DART448 course, exhibited April 17, 2016<\/p>\n<p><strong>Detroit Future City, Detroit<\/strong><\/p>\n<p>Cucuzzella, Carmela, Nature Inspired Environments, student work from Concordia University DART449 course, exhibited April 21, 2015<\/p>\n<p><strong>Concordia University, Montreal<\/strong><\/p>\n<p>Cucuzzella, Carmela, Nature Inspired Environments, student work from Concordia University, exhibited April 1-15, 2014<\/p>\n<p><strong>SIDIM show at Place Bonaventure, Montreal<\/strong><\/p>\n<p>Cucuzzella, Carmela, Evans, Partick, and Zahedi, Mithra, (2012), Eco-Quebec Student Projects from Concordia University, Universite de Quebec a Montreal and Universite de Montreal, May 25-27, 2012<\/p>\n<p><strong>Hall Building, Concordia University, Montreal<\/strong><\/p>\n<p>Cucuzzella, Carmela, Sustainable Greenhouse Furniture Design, exhibition of DART448 student projects at Concordia University during the Sustainability Week event, March 18-23, 2012<\/p>\n<hr>\n<h2 class=\"r\"><strong>Design Awards<\/strong><\/h2>\n<p>FERDIE design award 2005<\/p>\n<p>She has also had her work featured on television series as well as displayed in movie sets.<\/p>\n<hr>\n<h2><a name=\"_Toc21677610\"><\/a>Publications<\/h2>\n<p><a name=\"_Toc274379136\"><\/a><a name=\"_Toc270860056\"><\/a>Cucuzzella, Carmela, Sherif Goubran (editors)&nbsp; (upcoming 2020), \u201cDesigning Sustainable Architecture from Performance to Poetics\u201d, Vernon in review (confirmed 8 authors, confirmed scientific committee)<\/p>\n<p>Cucuzzella, Carmela, (2015), Mus\u00e9ologies, invited special guest editor for edition on &#8220;Curatorial Challenges of Research-Creation&#8221;, Volume 8, numero 1, invited guest editor<\/p>\n<p>Cucuzzella, Carmela, (upcoming 2020),&nbsp; \u00ab L&#8217;\u00eatre et le n\u00e9ant \u00bb de l\u2019architecture durable, in Critique en Architecture, InFolio, accepted, (eds) &nbsp;Louis Martin and Denis Bilodeau (accepted)<\/p>\n<p>Cucuzzella, Carmela, (upcoming 2020), \u201cSustainable Architecture as Facticity, as Potential, and as Perceived\u201d, in Scales of Sustainable Design in Architecture, (eds) Carmela Cucuzzella and Sherif Goubran (accepted)<\/p>\n<p>Cucuzzella, Carmela, Chupin, Jean-Pierre, and Hammond Cynthia, (upcoming 2019), \u201cEco-Didacticism in Art and Architecture:&nbsp; Raising Awareness by Design\u201d, Cities Journal, (accepted)<\/p>\n<p>Cucuzzella, Carmela, (2019), \u201cThe Eco-Didactic Turn in Architecture and Art for the Public Realm\u201d, in On the Potential of Didacticism in Architecture\/Du potentiel du didactisme en architecture, Carmela Cucuzzella, Cynthia Hammond, Sherif Goubran, Chanelle Lalonde (editors), LEAP Research Notebooks, Potential Architecture Books, Vol 3<\/p>\n<p>Cucuzzella, Carmela, (2019), \u201cEco-Didactic Art in the Public Realm\u201d, Sustainable City, 13<sup>th<\/sup> International Conference on Urban Regeneration and Sustainability, October 1-3, Valencia, Spain<\/p>\n<p>Cucuzzella, Carmela, (2019), \u201cEco-didacticism in Public Art and Design as Response to the Anthropocene\u201d, paper presented at the Projet journ\u00e9e d\u2019\u00e9tude: imaginaires, esth\u00e9tiques et exp\u00e9riences de l\u2019anthropoc\u00e8ne, Universit\u00e9 de Lyon, November 28, 2019<\/p>\n<p>Cucuzzella, Carmela, (2018), \u201cA Discreetly Bold Environmental Architecture\u201d, in Chevalier Morales Architectes: R\u00e9f\u00e9rences Crois\u00e9es, Potential Architectural Book, &nbsp;p.25-28<\/p>\n<p>Cucuzzella, Carmela, (2018), \u201cThe (Im)Possibility of an Autonomous Environmental Architecture\u201d, in Entre h\u00e9t\u00e9ronomie et autonomie : penser l\u2019architecture entre discipline et profession, (eds) Louis Martin and Jonathan Lachance (invited guest editors), LEAP Research Notebooks, Potential Architecture Books, Vol 2, pp. 62-69<\/p>\n<p>Cucuzzella, Carmela, (2017), \u201cCulture as Leverage for Urban Resiliency: Foundation for a Research Program\u201d, presented in Concordia University Interdisciplinary Summer Institute (CUISI), May 29-June 2<\/p>\n<p>Cucuzzella, Carmela, (2017), \u201cPackard Plant, Detroit: Imaginaries of a City Within a City\u201d, in On the Potential of Abandoned Large Urban Structures, (editors) Jean-Pierre Chupin and Tiphaine Abenia, LEAP Research Notebooks, Potential Architecture Books, pp. 70-75<\/p>\n<p>Shrivastava, Paul and Cucuzzella, Carmela (2017), &#8220;The Art of Regenerative Regional Development&#8221;, in Culture and Dialogue, special issue on Japanese Culture, 5, pp. 62-97<\/p>\n<p>Cormier, Anne, Jean-Pierre Chupin, Cucuzzella, Carmela, David Theodore, (2017), \u201cIs Research-Creation Design Thinking?\u201d, World Design Summit, Oct 19, 2017, Palais de Congres, Montreal, Canada<\/p>\n<p>Cucuzzella, Carmela, (2015), &#8220;Research-creation as a Curatorial Challenge: An Interview with John Zeppetelli&#8221;, Mus\u00e9ologies, special edition on Curatorial Challenges of Research-Creation, (guest editor) Carmela Cucuzzella, Volume 8, numero 1, pp.129-141<\/p>\n<p>Cucuzzella, Carmela, (2015), &#8220;Introduction: Curatorial Challenges&#8221;, Mus\u00e9ologies, special edition on Curatorial Challenges of Research-Creation, (guest editor) Carmela Cucuzzella, Volume 8, numero 1. pp.11-31<\/p>\n<p><a name=\"_Toc274379139\"><\/a><a name=\"_Toc270860059\"><\/a>Cucuzzella, Carmela, (2015), Panel Discussion on Arts, Community, and Sustainability, animated by Baron Tymus (Fullbright Fellow) on Nov 24th, (other panel members: Liz Miller, Peter Stoett, and Ricardo Del Farra, Montreal<\/p>\n<hr>\n<h2>Organization of Artist Talks<\/h2>\n<p>2019 (Nov 21)<\/p>\n<p><strong>Round Table at 4<sup>th<\/sup> Space: \u201cEco-didacticism in the City\u201d<\/strong><\/p>\n<p>Organized by Carmela Cucuzzella<\/p>\n<p>(Nov 21) Carmela Cucuzzella, Cynthia Hammond, Jean-Pierre Chupin + presentations by graduate students of the ideas-be research chair<\/p>\n<p>&nbsp;<\/p>\n<p>2018 (October) <strong>Lieux et rituels de l\u2019utopie et de la dystopie \u2013 Partie 1<\/strong><\/p>\n<p>(October 25-27), held at ENSAV, Versailles<\/p>\n<p>Co-organized with Paolo Amaldi, Jean-Pierre Chupin, Carmela Cucuzzella, Susanne Stacher,<\/p>\n<p>&nbsp;<\/p>\n<p>Sept 2016- April 2017 <strong>Reimagining the City Lecture Series<\/strong><\/p>\n<p>Nov 2016-Feb 2017 at Concordia University <a href=\"http:\/\/www.ideas-be.ca\/reimagining-the-city-talks.html\">http:\/\/www.ideas-be.ca\/reimagining-the-city-talks.html<\/a><\/p>\n<p>co-organized with Cynthia Hammond<\/p>\n<p>&nbsp;<\/p>\n<p>2017 (Feb) <strong>College Arts Association (CAA)<\/strong><\/p>\n<p>\u201cThe configuration of arts-based disciplines in face of a carbon challenged future\u201d<\/p>\n<p>Feb 14-18, 2017 (conference held in New York) <a href=\"http:\/\/conference.collegeart.org\/\">http:\/\/conference.collegeart.org\/<\/a><\/p>\n<p>Co-organized by: John Calvelli and Carmela Cucuzzella<\/p>\n<p>&nbsp;<\/p>\n<p>2016 (Nov) <strong>Universities Art Association of Canada<\/strong><strong> (UAAC) conference <\/strong><\/p>\n<p>\u201cArts-based disciplines in face of a carbon challenged future\u201d<\/p>\n<p>Oct 27-30, 2016 (conference held in Halifax, NSCAD) <a href=\"http:\/\/www.uaac-aauc.com\/en\/uaac-conference\">http:\/\/www.uaac-aauc.com\/en\/uaac-conference<\/a><\/p>\n<p>Co-organized by: John Calvelli and Carmela Cucuzzella<\/p>\n<p>&nbsp;<\/p>\n<p>2015 (Nov) <strong>Universities Art Association of Canada<\/strong><strong> (UAAC) conference <\/strong><\/p>\n<p>\u201cDesign Critique in the Age of Environmentalism: The Plurality of Perspectives on Criticism\u201d<\/p>\n<p>Nov 5-7, 2015 (conference held in Halifax, NSCAD) <a href=\"http:\/\/www.uaac-aauc.com\/en\/uaac-conference\">http:\/\/www.uaac-aauc.com\/en\/uaac-conference<\/a><\/p>\n<p>&nbsp;<\/p>\n<p>2014 (October) <strong>Universities Art Association of Canada<\/strong><strong> (UAAC) conference <\/strong><\/p>\n<p>\u201cThe Tensions and Synergies of the Aesthetics of Design for Sustainability\u201d<\/p>\n<p>October 26, 2014 (conference held in Toronto, OCAD) <a href=\"http:\/\/www.uaac-aauc.com\/en\/uaac-conference\">http:\/\/www.uaac-aauc.com\/en\/uaac-conference<\/a><\/p>\n<p>&nbsp;<\/p>\n<p>2013 (October) <strong>Universities Art Association of Canada<\/strong><strong> (UAAC) conference <\/strong><\/p>\n<p>\u201cContradictions of Sustainable Design Practice\u201d<\/p>\n<p>October, 2013 (conference held in Banff) <a href=\"http:\/\/www.uaac-aauc.com\/en\/uaac-conference\">http:\/\/www.uaac-aauc.com\/en\/uaac-conference<\/a><\/p>\n<p>&nbsp;<\/p>\n<p>2012(May) \u2013 2012(Nov) <strong>Universities Art Association of Canada<\/strong><strong> (UAAC) conference <\/strong><\/p>\n<p>\u201cDesign for Sustainability by Design\u201d <a href=\"http:\/\/www.uaac-aauc.com\/en\/uaac-conference\">http:\/\/www.uaac-aauc.com\/en\/uaac-conference<\/a><\/p>\n<p>Nov, 2012 (at Concordia University, Montreal) hosted by Concordia University<\/p>\n<p>&nbsp;<\/p>\n<p>2011(July) \u2013 2011(Nov) <strong>Conference crossing Art, Technology and Science<\/strong><\/p>\n<p>Balance\/Unbalance International conference organization, Concordia University, Nov 4-5, 2011 &nbsp;<a href=\"http:\/\/balance-unbalance2011.hexagram.ca\/\">http:\/\/balance-unbalance2011.hexagram.ca\/<\/a><\/p>\n<p>&nbsp;<\/p>\n<p>&nbsp;<\/p>\n<h2><a name=\"_Toc21677643\"><\/a>RESIDENCIES<\/h2>\n<p>Sabbatical:<\/p>\n<p>Invited Professor, October-November 2017 at the \u00c9cole Nationale Sup\u00e9rieure d\u2019Architecture Versailles ENSAV, during which I conducted doctorate reviews, master project critiques, development of collaborative research project, seminar presentations<\/p>\n<p>&nbsp;<\/p>\n","protected":false},"excerpt":{"rendered":"<p>Carmela Cucuzzella lives in Montreal, Canada, where she is an associate professor in Design and Computation Arts at Concordia University. She holds a university research chair in Integrated Design, Ecology, and Sustainability for the Built Environment. She is a researcher and critical theorist in the realm of visual culture of architecture and design. She believes [&hellip;]<\/p>\n","protected":false},"author":1,"featured_media":0,"parent":0,"menu_order":0,"comment_status":"closed","ping_status":"closed","template":"","meta":{"ngg_post_thumbnail":0,"footnotes":""},"class_list":["post-11","page","type-page","status-publish","hentry"],"_links":{"self":[{"href":"https:\/\/carmela-cucuzzella.com\/index.php?rest_route=\/wp\/v2\/pages\/11","targetHints":{"allow":["GET"]}}],"collection":[{"href":"https:\/\/carmela-cucuzzella.com\/index.php?rest_route=\/wp\/v2\/pages"}],"about":[{"href":"https:\/\/carmela-cucuzzella.com\/index.php?rest_route=\/wp\/v2\/types\/page"}],"author":[{"embeddable":true,"href":"https:\/\/carmela-cucuzzella.com\/index.php?rest_route=\/wp\/v2\/users\/1"}],"replies":[{"embeddable":true,"href":"https:\/\/carmela-cucuzzella.com\/index.php?rest_route=%2Fwp%2Fv2%2Fcomments&post=11"}],"version-history":[{"count":21,"href":"https:\/\/carmela-cucuzzella.com\/index.php?rest_route=\/wp\/v2\/pages\/11\/revisions"}],"predecessor-version":[{"id":1002,"href":"https:\/\/carmela-cucuzzella.com\/index.php?rest_route=\/wp\/v2\/pages\/11\/revisions\/1002"}],"wp:attachment":[{"href":"https:\/\/carmela-cucuzzella.com\/index.php?rest_route=%2Fwp%2Fv2%2Fmedia&parent=11"}],"curies":[{"name":"wp","href":"https:\/\/api.w.org\/{rel}","templated":true}]}}